{"id":18,"date":"2019-02-17T14:51:48","date_gmt":"2019-02-17T13:51:48","guid":{"rendered":"http:\/\/bipspprzybynow.zarki.com.pl\/?page_id=18"},"modified":"2024-01-03T14:09:01","modified_gmt":"2024-01-03T13:09:01","slug":"witamy","status":"publish","type":"page","link":"https:\/\/bipspprzybynow.zarki.szkola.pl\/","title":{"rendered":"Witamy"},"content":{"rendered":"\n<p style=\"text-align:center\"><strong>SZKO\u0141A PODSTAWOWA IM. INTEGRACJI EUROPEJSKIEJ<\/strong><\/p>\n\n\n\n<p style=\"text-align:center\">W PRZYBYNOWIE<br> 42-310 \u017bARKI<br> UL. SZKOLNA 2<\/p>\n\n\n\n<p style=\"text-align:center\">tel.&nbsp;34 3148063<\/p>\n\n\n\n<p style=\"text-align:center\">strona www:&nbsp;spprzybynow.pl<br>e-mail:&nbsp;podstawowa5@gazeta.pl<\/p>\n\n\n\n<p style=\"text-align:center\">NIP: 5771785421<\/p>\n\n\n\n<p style=\"text-align:center\">Regon: 001199676<\/p>\n\n\n\n<pre class=\"wp-block-preformatted\"><strong>Metryczka<\/strong><br>\u017br\u00f3d\u0142o informacji: Edyta Brodzik<br>Data utworzenia: 2019-02-17 14:51:48 <br>Wprowadzi\u0142 do systemu: <br>Data wprowadzenia: 2019-02-17 14:51:48 <br>Ostatnia zmiana: 2024-01-03 14:09:01<br>Ilo\u015b\u0107 wy\u015bwietle\u0144: 8&nbsp;917<\/pre>\n","protected":false},"excerpt":{"rendered":"<p>SZKO\u0141A PODSTAWOWA IM. INTEGRACJI EUROPEJSKIEJ W PRZYBYNOWIE 42-310 \u017bARKI UL. SZKOLNA 2 tel.&nbsp;34 3148063 strona www:&nbsp;spprzybynow.ple-mail:&nbsp;podstawowa5@gazeta.pl NIP: 5771785421 Regon: 001199676 Metryczka\u017br\u00f3d\u0142o informacji: Edyta BrodzikData utworzenia: Wprowadzi\u0142 do systemu: Data wprowadzenia: Ostatnia zmiana: Ilo\u015b\u0107 wy\u015bwietle\u0144:<\/p>\n","protected":false},"author":1,"featured_media":0,"parent":0,"menu_order":0,"comment_status":"closed","ping_status":"closed","template":"","meta":{"footnotes":""},"_links":{"self":[{"href":"https:\/\/bipspprzybynow.zarki.szkola.pl\/index.php\/wp-json\/wp\/v2\/pages\/18"}],"collection":[{"href":"https:\/\/bipspprzybynow.zarki.szkola.pl\/index.php\/wp-json\/wp\/v2\/pages"}],"about":[{"href":"https:\/\/bipspprzybynow.zarki.szkola.pl\/index.php\/wp-json\/wp\/v2\/types\/page"}],"author":[{"embeddable":true,"href":"https:\/\/bipspprzybynow.zarki.szkola.pl\/index.php\/wp-json\/wp\/v2\/users\/1"}],"replies":[{"embeddable":true,"href":"https:\/\/bipspprzybynow.zarki.szkola.pl\/index.php\/wp-json\/wp\/v2\/comments?post=18"}],"version-history":[{"count":4,"href":"https:\/\/bipspprzybynow.zarki.szkola.pl\/index.php\/wp-json\/wp\/v2\/pages\/18\/revisions"}],"predecessor-version":[{"id":23,"href":"https:\/\/bipspprzybynow.zarki.szkola.pl\/index.php\/wp-json\/wp\/v2\/pages\/18\/revisions\/23"}],"wp:attachment":[{"href":"https:\/\/bipspprzybynow.zarki.szkola.pl\/index.php\/wp-json\/wp\/v2\/media?parent=18"}],"curies":[{"name":"wp","href":"https:\/\/api.w.org\/{rel}","templated":true}]}}