{"id":30,"date":"2019-02-17T15:03:55","date_gmt":"2019-02-17T14:03:55","guid":{"rendered":"http:\/\/bipspprzybynow.zarki.com.pl\/?page_id=30"},"modified":"2019-02-17T16:41:23","modified_gmt":"2019-02-17T15:41:23","slug":"informacje-nieudostepnione","status":"publish","type":"page","link":"https:\/\/bipspprzybynow.zarki.szkola.pl\/index.php\/informacje-nieudostepnione\/","title":{"rendered":"Informacje nieudost\u0119pnione"},"content":{"rendered":"\n<p>Sposoby i zasady udost\u0119pniania danych<\/p>\n\n\n\n<ul><li>Sposoby i zasady udost\u0119pniania danych zawartych w rejestrach i ewidencjach Szko\u0142y Podstawowej im. Integracji Europejskiej w Przybynowie:<\/li><li>Dokumenty udost\u0119pniane s\u0105 powo\u0142anym do tego organom kontroluj\u0105cym na terenie szko\u0142y.<\/li><li>Na wniosek s\u0105 udost\u0119pniane informacje, kt\u00f3re nie zosta\u0142y opublikowane w Biuletynie. Oznacza to r\u00f3wnie\u017c, \u017ce nie ma mo\u017cliwo\u015bci \u017c\u0105dania udost\u0119pnienia informacji na wniosek, je\u017celi znajduje si\u0119 ona w Biuletynie.<\/li><li>Informacje, kt\u00f3re mog\u0105 by\u0107 udost\u0119pnione niezw\u0142ocznie, s\u0105 udost\u0119pniane w formie ustnej lub pisemnej bez pisemnego wniosku.<\/li><li>Udost\u0119pnianie informacji na wniosek nast\u0119puje nie p\u00f3\u017aniej ni\u017c w terminie 14<\/li><li> dni od dnia z\u0142o\u017cenia wniosku.<\/li><\/ul>\n\n\n\n<pre class=\"wp-block-preformatted\"><strong>Metryczka<\/strong><br>\u017br\u00f3d\u0142o informacji: Edyta Brodzik<br>Data utworzenia: 2019-02-17 15:03:55 <br>Wprowadzi\u0142 do systemu: <br>Data wprowadzenia: 2019-02-17 15:03:55 <br>Ostatnia zmiana: 2019-02-17 16:41:23<br>Ilo\u015b\u0107 wy\u015bwietle\u0144: 721<\/pre>\n","protected":false},"excerpt":{"rendered":"<p>Sposoby i zasady udost\u0119pniania danych Sposoby i zasady udost\u0119pniania danych zawartych w rejestrach i ewidencjach Szko\u0142y Podstawowej im. Integracji Europejskiej w Przybynowie: Dokumenty udost\u0119pniane s\u0105 powo\u0142anym do tego organom kontroluj\u0105cym na terenie szko\u0142y. Na wniosek s\u0105 udost\u0119pniane informacje, kt\u00f3re nie zosta\u0142y opublikowane w Biuletynie. Oznacza to r\u00f3wnie\u017c, \u017ce nie ma mo\u017cliwo\u015bci \u017c\u0105dania udost\u0119pnienia informacji na &hellip; <a href=\"https:\/\/bipspprzybynow.zarki.szkola.pl\/index.php\/informacje-nieudostepnione\/\" class=\"more-link\">Czytaj dalej <span class=\"screen-reader-text\">Informacje nieudost\u0119pnione<\/span><\/a><\/p>\n","protected":false},"author":1,"featured_media":0,"parent":0,"menu_order":0,"comment_status":"closed","ping_status":"closed","template":"","meta":{"footnotes":""},"_links":{"self":[{"href":"https:\/\/bipspprzybynow.zarki.szkola.pl\/index.php\/wp-json\/wp\/v2\/pages\/30"}],"collection":[{"href":"https:\/\/bipspprzybynow.zarki.szkola.pl\/index.php\/wp-json\/wp\/v2\/pages"}],"about":[{"href":"https:\/\/bipspprzybynow.zarki.szkola.pl\/index.php\/wp-json\/wp\/v2\/types\/page"}],"author":[{"embeddable":true,"href":"https:\/\/bipspprzybynow.zarki.szkola.pl\/index.php\/wp-json\/wp\/v2\/users\/1"}],"replies":[{"embeddable":true,"href":"https:\/\/bipspprzybynow.zarki.szkola.pl\/index.php\/wp-json\/wp\/v2\/comments?post=30"}],"version-history":[{"count":3,"href":"https:\/\/bipspprzybynow.zarki.szkola.pl\/index.php\/wp-json\/wp\/v2\/pages\/30\/revisions"}],"predecessor-version":[{"id":72,"href":"https:\/\/bipspprzybynow.zarki.szkola.pl\/index.php\/wp-json\/wp\/v2\/pages\/30\/revisions\/72"}],"wp:attachment":[{"href":"https:\/\/bipspprzybynow.zarki.szkola.pl\/index.php\/wp-json\/wp\/v2\/media?parent=30"}],"curies":[{"name":"wp","href":"https:\/\/api.w.org\/{rel}","templated":true}]}}