{"id":36,"date":"2019-02-17T15:06:34","date_gmt":"2019-02-17T14:06:34","guid":{"rendered":"http:\/\/bipspprzybynow.zarki.com.pl\/?page_id=36"},"modified":"2019-02-17T15:06:34","modified_gmt":"2019-02-17T14:06:34","slug":"instrukcja-korzystania-z-bip","status":"publish","type":"page","link":"https:\/\/bipspprzybynow.zarki.szkola.pl\/index.php\/instrukcja-korzystania-z-bip\/","title":{"rendered":"Instrukcja korzystania z BIP"},"content":{"rendered":"\n<p><\/p>\n\n\n\n<pre class=\"wp-block-preformatted\"><strong>Metryczka<\/strong><br>\u017br\u00f3d\u0142o informacji: Edyta Brodzik<br>Data utworzenia: 2019-02-17 15:06:34 <br>Wprowadzi\u0142 do systemu: <br>Data wprowadzenia: 2019-02-17 15:06:34 <br>Ostatnia zmiana: 2019-02-17 15:06:34<br>Ilo\u015b\u0107 wy\u015bwietle\u0144: 603<\/pre>\n","protected":false},"excerpt":{"rendered":"<p>Metryczka\u017br\u00f3d\u0142o informacji: Edyta BrodzikData utworzenia: Wprowadzi\u0142 do systemu: Data wprowadzenia: Ostatnia zmiana: Ilo\u015b\u0107 wy\u015bwietle\u0144:<\/p>\n","protected":false},"author":1,"featured_media":0,"parent":0,"menu_order":0,"comment_status":"closed","ping_status":"closed","template":"","meta":{"footnotes":""},"_links":{"self":[{"href":"https:\/\/bipspprzybynow.zarki.szkola.pl\/index.php\/wp-json\/wp\/v2\/pages\/36"}],"collection":[{"href":"https:\/\/bipspprzybynow.zarki.szkola.pl\/index.php\/wp-json\/wp\/v2\/pages"}],"about":[{"href":"https:\/\/bipspprzybynow.zarki.szkola.pl\/index.php\/wp-json\/wp\/v2\/types\/page"}],"author":[{"embeddable":true,"href":"https:\/\/bipspprzybynow.zarki.szkola.pl\/index.php\/wp-json\/wp\/v2\/users\/1"}],"replies":[{"embeddable":true,"href":"https:\/\/bipspprzybynow.zarki.szkola.pl\/index.php\/wp-json\/wp\/v2\/comments?post=36"}],"version-history":[{"count":1,"href":"https:\/\/bipspprzybynow.zarki.szkola.pl\/index.php\/wp-json\/wp\/v2\/pages\/36\/revisions"}],"predecessor-version":[{"id":37,"href":"https:\/\/bipspprzybynow.zarki.szkola.pl\/index.php\/wp-json\/wp\/v2\/pages\/36\/revisions\/37"}],"wp:attachment":[{"href":"https:\/\/bipspprzybynow.zarki.szkola.pl\/index.php\/wp-json\/wp\/v2\/media?parent=36"}],"curies":[{"name":"wp","href":"https:\/\/api.w.org\/{rel}","templated":true}]}}