{"id":65,"date":"2019-02-17T15:33:14","date_gmt":"2019-02-17T14:33:14","guid":{"rendered":"http:\/\/bipspprzybynow.zarki.com.pl\/?page_id=65"},"modified":"2019-02-17T15:34:16","modified_gmt":"2019-02-17T14:34:16","slug":"zasady-funkcjonowania","status":"publish","type":"page","link":"https:\/\/bipspprzybynow.zarki.szkola.pl\/index.php\/zasady-funkcjonowania\/","title":{"rendered":"Zasady funkcjonowania"},"content":{"rendered":"\n<ol><li>Szczeg\u00f3\u0142ow\u0105 organizacj\u0119 nauczania, wychowania i opieki w danym roku szkolnym okre\u015bla arkusz organizacji szko\u0142y opracowany przez dyrektora szko\u0142y, zaopiniowany przez organ nadzoru pedagogicznego i zatwierdzony przez organ prowadz\u0105cy, z&nbsp;uwzgl\u0119dnieniem szkolnego planu nauczania, o kt\u00f3rym mowa w przepisach w sprawie ramowych plan\u00f3w nauczania.<\/li><li>Podstawow\u0105 form\u0105 pracy szko\u0142y podstawowej jest system klasowo- lekcyjny, a jednostk\u0105 organizacyjn\u0105 oddzia\u0142 z\u0142o\u017cony z uczni\u00f3w, kt\u00f3rzy w jednorocznym kursie nauki w danym roku szkolnym ucz\u0105 si\u0119 wszystkich przedmiot\u00f3w obowi\u0105zkowych okre\u015blonych szkolnym planem nauczania.<\/li><li>Godzina lekcyjna trwa 45 minut.<\/li><li>Godzina zaj\u0119\u0107 specjalistycznych trwa 60 minut.<\/li><li>Szczeg\u00f3\u0142owe zasady funkcjonowania szko\u0142y okre\u015bla prawo o\u015bwiatowe * oraz Statut Szko\u0142y Podstawowej im. Integracji Europejskiej w Przybynowie.<\/li><li>Podstawow\u0105 jednostk\u0105 organizacyjn\u0105 szko\u0142y jest&nbsp;oddzia\u0142.&nbsp; W szkole&nbsp;jest &nbsp;8&nbsp;oddzia\u0142\u00f3w- 6 oddzia\u0142\u00f3w w szkole, 2 oddzia\u0142y przedszkolne.&nbsp;<\/li><\/ol>\n\n\n\n<p>*Kszta\u0142cenie prowadzone jest zgodnie z:<\/p>\n\n\n\n<ul><li>podstaw\u0105 programow\u0105 kszta\u0142cenia og\u00f3lnego&nbsp;(rozporz\u0105dzenie MEN z dnia 14 lutego 2017 r. w sprawie podstawy programowej wychowania przedszkolnego oraz podstawy programowej kszta\u0142cenia og\u00f3lnego dla szko\u0142y podstawowej, w tym dla uczni\u00f3w z niepe\u0142nosprawno\u015bci\u0105 intelektualn\u0105 w stopniu umiarkowanym lub znacznym, kszta\u0142cenia og\u00f3lnego dla bran\u017cowej szko\u0142y I stopnia, kszta\u0142cenia og\u00f3lnego dla szko\u0142y specjalnej przysposabiaj\u0105cej do pracy oraz kszta\u0142cenia og\u00f3lnego dla szko\u0142y policealnej),<\/li><li>ramowym planem nauczania&nbsp;(rozporz\u0105dzenie Ministra Edukacji Narodowej z<\/li><li> dnia 28 marca 2017 r. w sprawie ramowych plan\u00f3w nauczania dla publicznych<\/li><li> szk\u00f3\u0142).<\/li><\/ul>\n\n\n\n<pre class=\"wp-block-preformatted\"><strong>Metryczka<\/strong><br>\u017br\u00f3d\u0142o informacji: Edyta Brodzik<br>Data utworzenia: 2019-02-17 15:33:14 <br>Wprowadzi\u0142 do systemu: <br>Data wprowadzenia: 2019-02-17 15:33:14 <br>Ostatnia zmiana: 2019-02-17 15:34:16<br>Ilo\u015b\u0107 wy\u015bwietle\u0144: 707<\/pre>\n","protected":false},"excerpt":{"rendered":"<p>Szczeg\u00f3\u0142ow\u0105 organizacj\u0119 nauczania, wychowania i opieki w danym roku szkolnym okre\u015bla arkusz organizacji szko\u0142y opracowany przez dyrektora szko\u0142y, zaopiniowany przez organ nadzoru pedagogicznego i zatwierdzony przez organ prowadz\u0105cy, z&nbsp;uwzgl\u0119dnieniem szkolnego planu nauczania, o kt\u00f3rym mowa w przepisach w sprawie ramowych plan\u00f3w nauczania. Podstawow\u0105 form\u0105 pracy szko\u0142y podstawowej jest system klasowo- lekcyjny, a jednostk\u0105 organizacyjn\u0105 oddzia\u0142 &hellip; <a href=\"https:\/\/bipspprzybynow.zarki.szkola.pl\/index.php\/zasady-funkcjonowania\/\" class=\"more-link\">Czytaj dalej <span class=\"screen-reader-text\">Zasady funkcjonowania<\/span><\/a><\/p>\n","protected":false},"author":1,"featured_media":0,"parent":0,"menu_order":0,"comment_status":"closed","ping_status":"closed","template":"","meta":{"footnotes":""},"_links":{"self":[{"href":"https:\/\/bipspprzybynow.zarki.szkola.pl\/index.php\/wp-json\/wp\/v2\/pages\/65"}],"collection":[{"href":"https:\/\/bipspprzybynow.zarki.szkola.pl\/index.php\/wp-json\/wp\/v2\/pages"}],"about":[{"href":"https:\/\/bipspprzybynow.zarki.szkola.pl\/index.php\/wp-json\/wp\/v2\/types\/page"}],"author":[{"embeddable":true,"href":"https:\/\/bipspprzybynow.zarki.szkola.pl\/index.php\/wp-json\/wp\/v2\/users\/1"}],"replies":[{"embeddable":true,"href":"https:\/\/bipspprzybynow.zarki.szkola.pl\/index.php\/wp-json\/wp\/v2\/comments?post=65"}],"version-history":[{"count":3,"href":"https:\/\/bipspprzybynow.zarki.szkola.pl\/index.php\/wp-json\/wp\/v2\/pages\/65\/revisions"}],"predecessor-version":[{"id":69,"href":"https:\/\/bipspprzybynow.zarki.szkola.pl\/index.php\/wp-json\/wp\/v2\/pages\/65\/revisions\/69"}],"wp:attachment":[{"href":"https:\/\/bipspprzybynow.zarki.szkola.pl\/index.php\/wp-json\/wp\/v2\/media?parent=65"}],"curies":[{"name":"wp","href":"https:\/\/api.w.org\/{rel}","templated":true}]}}